{"id":290,"date":"2021-05-22T17:07:21","date_gmt":"2021-05-22T22:07:21","guid":{"rendered":"https:\/\/hosanroque.gov.co\/v2\/?page_id=290"},"modified":"2021-05-22T17:12:19","modified_gmt":"2021-05-22T22:12:19","slug":"derechos-de-los-usuarios","status":"publish","type":"page","link":"https:\/\/hosanroque.gov.co\/v2\/derechos-de-los-usuarios\/","title":{"rendered":"Derechos de los usuarios"},"content":{"rendered":"\t\t<div data-elementor-type=\"wp-page\" data-elementor-id=\"290\" class=\"elementor elementor-290\" data-elementor-post-type=\"page\">\n\t\t\t\t\t\t<section class=\"elementor-section elementor-top-section elementor-element elementor-element-3105e049 elementor-section-boxed elementor-section-height-default elementor-section-height-default\" data-id=\"3105e049\" data-element_type=\"section\">\n\t\t\t\t\t\t<div class=\"elementor-container elementor-column-gap-default\">\n\t\t\t\t\t<div class=\"elementor-column elementor-col-100 elementor-top-column elementor-element elementor-element-bbd401f\" data-id=\"bbd401f\" data-element_type=\"column\">\n\t\t\t<div class=\"elementor-widget-wrap elementor-element-populated\">\n\t\t\t\t\t\t<div class=\"elementor-element elementor-element-5f4809e elementor-widget elementor-widget-heading\" data-id=\"5f4809e\" data-element_type=\"widget\" data-widget_type=\"heading.default\">\n\t\t\t\t<div class=\"elementor-widget-container\">\n\t\t\t\t\t<h2 class=\"elementor-heading-title elementor-size-default\">Usuarios<\/h2>\t\t\t\t<\/div>\n\t\t\t\t<\/div>\n\t\t\t\t\t<\/div>\n\t\t<\/div>\n\t\t\t\t\t<\/div>\n\t\t<\/section>\n\t\t\t\t<section class=\"elementor-section elementor-top-section elementor-element elementor-element-19520397 elementor-section-boxed elementor-section-height-default elementor-section-height-default\" data-id=\"19520397\" data-element_type=\"section\">\n\t\t\t\t\t\t<div class=\"elementor-container elementor-column-gap-default\">\n\t\t\t\t\t<div class=\"elementor-column elementor-col-100 elementor-top-column elementor-element elementor-element-62dc9bad\" data-id=\"62dc9bad\" data-element_type=\"column\">\n\t\t\t<div class=\"elementor-widget-wrap\">\n\t\t\t\t\t\t\t<\/div>\n\t\t<\/div>\n\t\t\t\t\t<\/div>\n\t\t<\/section>\n\t\t\t\t<section class=\"elementor-section elementor-top-section elementor-element elementor-element-794a72de elementor-section-stretched elementor-section-height-min-height elementor-section-boxed elementor-section-height-default elementor-section-items-middle\" data-id=\"794a72de\" data-element_type=\"section\" data-settings=\"{&quot;stretch_section&quot;:&quot;section-stretched&quot;,&quot;background_background&quot;:&quot;classic&quot;}\">\n\t\t\t\t\t\t<div class=\"elementor-container elementor-column-gap-default\">\n\t\t\t\t\t<div class=\"elementor-column elementor-col-100 elementor-top-column elementor-element elementor-element-2d3bff1a\" data-id=\"2d3bff1a\" data-element_type=\"column\">\n\t\t\t<div class=\"elementor-widget-wrap elementor-element-populated\">\n\t\t\t\t\t\t<div class=\"elementor-element elementor-element-7f4a4d8d elementor-invisible elementor-widget elementor-widget-heading\" data-id=\"7f4a4d8d\" data-element_type=\"widget\" data-settings=\"{&quot;_animation&quot;:&quot;fadeInUp&quot;}\" data-widget_type=\"heading.default\">\n\t\t\t\t<div class=\"elementor-widget-container\">\n\t\t\t\t\t<h1 class=\"elementor-heading-title elementor-size-default\">Usuarios<\/h1>\t\t\t\t<\/div>\n\t\t\t\t<\/div>\n\t\t\t\t\t<\/div>\n\t\t<\/div>\n\t\t\t\t\t<\/div>\n\t\t<\/section>\n\t\t\t\t<section class=\"elementor-section elementor-top-section elementor-element elementor-element-38d8efb elementor-section-boxed elementor-section-height-default elementor-section-height-default\" data-id=\"38d8efb\" data-element_type=\"section\">\n\t\t\t\t\t\t<div class=\"elementor-container elementor-column-gap-default\">\n\t\t\t\t\t<div class=\"elementor-column elementor-col-100 elementor-top-column elementor-element elementor-element-eef398b\" data-id=\"eef398b\" data-element_type=\"column\">\n\t\t\t<div class=\"elementor-widget-wrap elementor-element-populated\">\n\t\t\t\t\t\t<div class=\"elementor-element elementor-element-cc50ca3 elementor-widget elementor-widget-heading\" data-id=\"cc50ca3\" data-element_type=\"widget\" data-widget_type=\"heading.default\">\n\t\t\t\t<div class=\"elementor-widget-container\">\n\t\t\t\t\t<h2 class=\"elementor-heading-title elementor-size-default\">DERECHOS DE LOS USUARIOS<\/h2>\t\t\t\t<\/div>\n\t\t\t\t<\/div>\n\t\t\t\t<section class=\"elementor-section elementor-inner-section elementor-element elementor-element-ec0e5f9 elementor-section-boxed elementor-section-height-default elementor-section-height-default\" data-id=\"ec0e5f9\" data-element_type=\"section\">\n\t\t\t\t\t\t<div class=\"elementor-container elementor-column-gap-default\">\n\t\t\t\t\t<div class=\"elementor-column elementor-col-100 elementor-inner-column elementor-element elementor-element-64a6b40\" data-id=\"64a6b40\" data-element_type=\"column\">\n\t\t\t<div class=\"elementor-widget-wrap elementor-element-populated\">\n\t\t\t\t\t\t<div class=\"elementor-element elementor-element-d923826 elementor-widget elementor-widget-text-editor\" data-id=\"d923826\" data-element_type=\"widget\" data-widget_type=\"text-editor.default\">\n\t\t\t\t<div class=\"elementor-widget-container\">\n\t\t\t\t\t\t\t\t\t<p>Res. 4331 de 2012<\/p><p>El Ministerio de Salud y Protecci\u00f3n Social, recuerda a todos los ciudadanos que requieren servicios de salud, que:<\/p>\t\t\t\t\t\t\t\t<\/div>\n\t\t\t\t<\/div>\n\t\t\t\t\t<\/div>\n\t\t<\/div>\n\t\t\t\t\t<\/div>\n\t\t<\/section>\n\t\t\t\t\t<\/div>\n\t\t<\/div>\n\t\t\t\t\t<\/div>\n\t\t<\/section>\n\t\t\t\t<section class=\"elementor-section elementor-top-section elementor-element elementor-element-24b1a795 elementor-section-boxed elementor-section-height-default elementor-section-height-default\" data-id=\"24b1a795\" data-element_type=\"section\">\n\t\t\t\t\t\t<div class=\"elementor-container elementor-column-gap-default\">\n\t\t\t\t\t<div class=\"elementor-column elementor-col-50 elementor-top-column elementor-element elementor-element-1ae3b2b8\" data-id=\"1ae3b2b8\" data-element_type=\"column\">\n\t\t\t<div class=\"elementor-widget-wrap elementor-element-populated\">\n\t\t\t\t\t\t<div class=\"elementor-element elementor-element-43ebc6bf elementor-widget elementor-widget-text-editor\" data-id=\"43ebc6bf\" data-element_type=\"widget\" data-widget_type=\"text-editor.default\">\n\t\t\t\t<div class=\"elementor-widget-container\">\n\t\t\t\t\t\t\t\t\t<ul><li>Las Entidades Responsables del Pago (EPS, Secretar\u00edas de Salud, Entidades Adaptadas) y los prestadores de servicios de salud tienen prohibido exigir fotocopias de documentos (art\u00edculo 11 Decreto n\u00famero 4747 de 2007), excepto en casos de atenci\u00f3n de v\u00edctimas de accidentes de tr\u00e1nsito (Decreto n\u00famero 3990 de 2007)<\/li><li>El acceso a los servicios de salud se har\u00e1 a trav\u00e9s de la c\u00e9dula de ciudadan\u00eda u otro documento de identidad (art\u00edculo 22 Ley 1438 de 2011)<\/li><li>El tr\u00e1mite de la autorizaci\u00f3n de servicios de salud lo efectuar\u00e1 de manera directa la Instituci\u00f3n Prestadora de Servicios de Salud ante la Entidad Promotora de Salud. Ning\u00fan tr\u00e1mite para la obtenci\u00f3n de la autorizaci\u00f3n puede ser trasladado al usuario (art\u00edculo 120 Decreto-ley n\u00famero 019 de 2012)<\/li><li>Las autorizaciones de servicios contenidos en el Plan Obligatorio de Salud tendr\u00e1n una vigencia no menor de dos (2) meses, contado a partir de la fecha de emisi\u00f3n<\/li><li>Las f\u00f3rmulas de medicamentos tendr\u00e1n una vigencia no inferior a un (1) mes contado a partir de la fecha de su expedici\u00f3n y no requieren autorizaci\u00f3n adicional, excepto aquellos que no hacen parte del Plan Obligatorio de Salud<\/li><li>Para pacientes con patolog\u00edas cr\u00f3nicas con manejo farmacol\u00f3gico, las entidades responsables de pago garantizar\u00e1n la continuidad en el suministro de los medicamentos, mediante la prescripci\u00f3n por periodos no menores a 90 d\u00edas con entregas no inferiores a un (1) mes<\/li><li>Las autorizaciones asociadas a quimioterapia o radioterapia de pacientes con c\u00e1ncer que sigan gu\u00edas o protocolos acordados, se har\u00e1n una \u00fanica vez para todos los ciclos incluidos en la gu\u00eda o protocolo. Para aquellos casos en que el onc\u00f3logo tratante prescriba la quimioterapia o radioterapia por fuera de las gu\u00edas o protocolos acordados, la autorizaci\u00f3n deber\u00e1 cubrir como m\u00ednimo los ciclos a realizar durante los siguientes seis (6) meses, contados a partir de la fecha de la solicitud de autorizaci\u00f3n<\/li><li>La autorizaci\u00f3n de ox\u00edgeno domiciliario para pacientes con patolog\u00edas cr\u00f3nicas, se expedir\u00e1 una \u00fanica vez y s\u00f3lo podr\u00e1 ser desautorizada cuando el m\u00e9dico tratante disponga que no se requiere<\/li><li>Las Entidades Promotoras de Salud deben garantizar la asignaci\u00f3n de citas de medicina general u odontol\u00f3gica general a m\u00e1s tardar dentro de los tres (3) d\u00edas h\u00e1biles contados a partir de la solicitud, sin que se tenga que hacer la solicitud de forma presencial (art\u00edculo 123 Decreto-ley n\u00famero 019 de 2012)<\/li><\/ul>\t\t\t\t\t\t\t\t<\/div>\n\t\t\t\t<\/div>\n\t\t\t\t\t<\/div>\n\t\t<\/div>\n\t\t\t\t<div class=\"elementor-column elementor-col-50 elementor-top-column elementor-element elementor-element-50c160f5\" data-id=\"50c160f5\" data-element_type=\"column\">\n\t\t\t<div class=\"elementor-widget-wrap elementor-element-populated\">\n\t\t\t\t\t\t<div class=\"elementor-element elementor-element-43fbbf84 elementor-widget elementor-widget-image\" data-id=\"43fbbf84\" data-element_type=\"widget\" data-widget_type=\"image.default\">\n\t\t\t\t<div class=\"elementor-widget-container\">\n\t\t\t\t\t\t\t\t\t\t\t\t\t\t\t<img fetchpriority=\"high\" decoding=\"async\" width=\"382\" height=\"379\" src=\"https:\/\/hosanroque.gov.co\/v2\/wp-content\/uploads\/2021\/05\/imagenes.png\" class=\"attachment-large size-large wp-image-232\" alt=\"\" srcset=\"https:\/\/hosanroque.gov.co\/v2\/wp-content\/uploads\/2021\/05\/imagenes.png 382w, https:\/\/hosanroque.gov.co\/v2\/wp-content\/uploads\/2021\/05\/imagenes-300x298.png 300w, https:\/\/hosanroque.gov.co\/v2\/wp-content\/uploads\/2021\/05\/imagenes-150x150.png 150w\" sizes=\"(max-width: 382px) 100vw, 382px\" \/>\t\t\t\t\t\t\t\t\t\t\t\t\t\t\t<\/div>\n\t\t\t\t<\/div>\n\t\t\t\t\t<\/div>\n\t\t<\/div>\n\t\t\t\t\t<\/div>\n\t\t<\/section>\n\t\t\t\t<section class=\"elementor-section elementor-top-section elementor-element elementor-element-cf3a26e elementor-section-boxed elementor-section-height-default elementor-section-height-default\" data-id=\"cf3a26e\" data-element_type=\"section\">\n\t\t\t\t\t\t<div class=\"elementor-container elementor-column-gap-default\">\n\t\t\t\t\t<div class=\"elementor-column elementor-col-100 elementor-top-column elementor-element elementor-element-08eae23\" data-id=\"08eae23\" data-element_type=\"column\">\n\t\t\t<div class=\"elementor-widget-wrap elementor-element-populated\">\n\t\t\t\t\t\t<section class=\"elementor-section elementor-inner-section elementor-element elementor-element-dbc3343 elementor-section-boxed elementor-section-height-default elementor-section-height-default\" data-id=\"dbc3343\" data-element_type=\"section\">\n\t\t\t\t\t\t<div class=\"elementor-container elementor-column-gap-default\">\n\t\t\t\t\t<div class=\"elementor-column elementor-col-100 elementor-inner-column elementor-element elementor-element-838deb4\" data-id=\"838deb4\" data-element_type=\"column\">\n\t\t\t<div class=\"elementor-widget-wrap elementor-element-populated\">\n\t\t\t\t\t\t<div class=\"elementor-element elementor-element-c18c1b7 elementor-widget elementor-widget-text-editor\" data-id=\"c18c1b7\" data-element_type=\"widget\" data-widget_type=\"text-editor.default\">\n\t\t\t\t<div class=\"elementor-widget-container\">\n\t\t\t\t\t\t\t\t\t<p>Conozca sus derechos, exija su cumplimiento.<br \/>Denuncie la Violaci\u00f3n de sus Derechos a la Direcci\u00f3n Municipal de Salud, Personer\u00eda Municipal, Direcci\u00f3n Departamental o Distrital de Salud, Defensor\u00eda del Pueblo, Procuradur\u00eda General de la Naci\u00f3n, Superintendencia Nacional de Salud.<\/p>\t\t\t\t\t\t\t\t<\/div>\n\t\t\t\t<\/div>\n\t\t\t\t\t<\/div>\n\t\t<\/div>\n\t\t\t\t\t<\/div>\n\t\t<\/section>\n\t\t\t\t\t<\/div>\n\t\t<\/div>\n\t\t\t\t\t<\/div>\n\t\t<\/section>\n\t\t\t\t<section class=\"elementor-section elementor-top-section elementor-element elementor-element-6752ede4 elementor-section-boxed elementor-section-height-default elementor-section-height-default\" data-id=\"6752ede4\" data-element_type=\"section\">\n\t\t\t\t\t\t<div class=\"elementor-container elementor-column-gap-default\">\n\t\t\t\t\t<div class=\"elementor-column elementor-col-33 elementor-top-column elementor-element elementor-element-358f6589\" data-id=\"358f6589\" data-element_type=\"column\">\n\t\t\t<div class=\"elementor-widget-wrap elementor-element-populated\">\n\t\t\t\t\t\t<div class=\"elementor-element elementor-element-2d9b94ed elementor-widget elementor-widget-image\" data-id=\"2d9b94ed\" data-element_type=\"widget\" data-widget_type=\"image.default\">\n\t\t\t\t<div class=\"elementor-widget-container\">\n\t\t\t\t\t\t\t\t\t\t\t\t\t\t\t<img decoding=\"async\" width=\"349\" height=\"349\" src=\"https:\/\/hosanroque.gov.co\/v2\/wp-content\/uploads\/2021\/05\/hospital2.png\" class=\"attachment-large size-large wp-image-210\" alt=\"\" srcset=\"https:\/\/hosanroque.gov.co\/v2\/wp-content\/uploads\/2021\/05\/hospital2.png 349w, https:\/\/hosanroque.gov.co\/v2\/wp-content\/uploads\/2021\/05\/hospital2-300x300.png 300w, https:\/\/hosanroque.gov.co\/v2\/wp-content\/uploads\/2021\/05\/hospital2-150x150.png 150w\" sizes=\"(max-width: 349px) 100vw, 349px\" \/>\t\t\t\t\t\t\t\t\t\t\t\t\t\t\t<\/div>\n\t\t\t\t<\/div>\n\t\t\t\t\t<\/div>\n\t\t<\/div>\n\t\t\t\t<div class=\"elementor-column elementor-col-66 elementor-top-column elementor-element elementor-element-4730875f\" data-id=\"4730875f\" data-element_type=\"column\">\n\t\t\t<div class=\"elementor-widget-wrap elementor-element-populated\">\n\t\t\t\t\t\t<div class=\"elementor-element elementor-element-60bb4456 elementor-widget elementor-widget-heading\" data-id=\"60bb4456\" data-element_type=\"widget\" data-widget_type=\"heading.default\">\n\t\t\t\t<div class=\"elementor-widget-container\">\n\t\t\t\t\t<h2 class=\"elementor-heading-title elementor-size-default\">HOSPITAL SAN ROQUE DE EL COPEY<\/h2>\t\t\t\t<\/div>\n\t\t\t\t<\/div>\n\t\t\t\t<section class=\"elementor-section elementor-inner-section elementor-element elementor-element-76a9ebad elementor-section-boxed elementor-section-height-default elementor-section-height-default\" data-id=\"76a9ebad\" data-element_type=\"section\">\n\t\t\t\t\t\t<div class=\"elementor-container elementor-column-gap-default\">\n\t\t\t\t\t<div class=\"elementor-column elementor-col-100 elementor-inner-column elementor-element elementor-element-308de904\" data-id=\"308de904\" data-element_type=\"column\">\n\t\t\t<div class=\"elementor-widget-wrap elementor-element-populated\">\n\t\t\t\t\t\t<div class=\"elementor-element elementor-element-31365068 elementor-widget elementor-widget-text-editor\" data-id=\"31365068\" data-element_type=\"widget\" data-widget_type=\"text-editor.default\">\n\t\t\t\t<div class=\"elementor-widget-container\">\n\t\t\t\t\t\t\t\t\t<p>Atenci\u00f3n centrada en el usuario, a trav\u00e9s de una comunicaci\u00f3n clara, constante y respetuosa sin exclusi\u00f3n por su nivel sociocultural, logrando siempre una respuesta oportuna, segura y diligente frente a la atenci\u00f3n en salud en beneficio del desarrollo integral de nuestros usuarios.<\/p>\t\t\t\t\t\t\t\t<\/div>\n\t\t\t\t<\/div>\n\t\t\t\t\t<\/div>\n\t\t<\/div>\n\t\t\t\t\t<\/div>\n\t\t<\/section>\n\t\t\t\t\t<\/div>\n\t\t<\/div>\n\t\t\t\t\t<\/div>\n\t\t<\/section>\n\t\t\t\t<\/div>\n\t\t","protected":false},"excerpt":{"rendered":"<p>Usuarios Usuarios DERECHOS DE LOS USUARIOS Res. 4331 de 2012 El Ministerio de Salud y Protecci\u00f3n Social, recuerda a todos los ciudadanos que requieren servicios de salud, que: Las Entidades Responsables del Pago (EPS, Secretar\u00edas de Salud, Entidades Adaptadas) y los prestadores de servicios de salud tienen prohibido exigir fotocopias de documentos (art\u00edculo 11 Decreto [&hellip;]<\/p>\n","protected":false},"author":1,"featured_media":0,"parent":0,"menu_order":0,"comment_status":"closed","ping_status":"closed","template":"","meta":{"footnotes":""},"class_list":["post-290","page","type-page","status-publish","hentry"],"_links":{"self":[{"href":"https:\/\/hosanroque.gov.co\/v2\/wp-json\/wp\/v2\/pages\/290","targetHints":{"allow":["GET"]}}],"collection":[{"href":"https:\/\/hosanroque.gov.co\/v2\/wp-json\/wp\/v2\/pages"}],"about":[{"href":"https:\/\/hosanroque.gov.co\/v2\/wp-json\/wp\/v2\/types\/page"}],"author":[{"embeddable":true,"href":"https:\/\/hosanroque.gov.co\/v2\/wp-json\/wp\/v2\/users\/1"}],"replies":[{"embeddable":true,"href":"https:\/\/hosanroque.gov.co\/v2\/wp-json\/wp\/v2\/comments?post=290"}],"version-history":[{"count":4,"href":"https:\/\/hosanroque.gov.co\/v2\/wp-json\/wp\/v2\/pages\/290\/revisions"}],"predecessor-version":[{"id":298,"href":"https:\/\/hosanroque.gov.co\/v2\/wp-json\/wp\/v2\/pages\/290\/revisions\/298"}],"wp:attachment":[{"href":"https:\/\/hosanroque.gov.co\/v2\/wp-json\/wp\/v2\/media?parent=290"}],"curies":[{"name":"wp","href":"https:\/\/api.w.org\/{rel}","templated":true}]}}