{"id":388,"date":"2021-05-26T20:52:52","date_gmt":"2021-05-27T01:52:52","guid":{"rendered":"https:\/\/hosanroque.gov.co\/v2\/?page_id=388"},"modified":"2021-06-16T20:28:26","modified_gmt":"2021-06-17T01:28:26","slug":"decretos","status":"publish","type":"page","link":"https:\/\/hosanroque.gov.co\/v2\/decretos\/","title":{"rendered":"Decretos"},"content":{"rendered":"\t\t<div data-elementor-type=\"wp-page\" data-elementor-id=\"388\" class=\"elementor elementor-388\" data-elementor-post-type=\"page\">\n\t\t\t\t\t\t<section class=\"elementor-section elementor-top-section elementor-element elementor-element-3de96581 elementor-section-stretched elementor-section-height-min-height elementor-section-boxed elementor-section-height-default elementor-section-items-middle\" data-id=\"3de96581\" data-element_type=\"section\" data-settings=\"{&quot;stretch_section&quot;:&quot;section-stretched&quot;,&quot;background_background&quot;:&quot;classic&quot;}\">\n\t\t\t\t\t\t<div class=\"elementor-container elementor-column-gap-default\">\n\t\t\t\t\t<div class=\"elementor-column elementor-col-100 elementor-top-column elementor-element elementor-element-72330814\" data-id=\"72330814\" data-element_type=\"column\">\n\t\t\t<div class=\"elementor-widget-wrap elementor-element-populated\">\n\t\t\t\t\t\t<div class=\"elementor-element elementor-element-7e4e92c6 elementor-invisible elementor-widget elementor-widget-heading\" data-id=\"7e4e92c6\" data-element_type=\"widget\" data-settings=\"{&quot;_animation&quot;:&quot;fadeInUp&quot;}\" data-widget_type=\"heading.default\">\n\t\t\t\t<div class=\"elementor-widget-container\">\n\t\t\t\t\t<h1 class=\"elementor-heading-title elementor-size-default\">Decretos<\/h1>\t\t\t\t<\/div>\n\t\t\t\t<\/div>\n\t\t\t\t\t<\/div>\n\t\t<\/div>\n\t\t\t\t\t<\/div>\n\t\t<\/section>\n\t\t\t\t<section class=\"elementor-section elementor-top-section elementor-element elementor-element-ec2c735 elementor-section-boxed elementor-section-height-default elementor-section-height-default\" data-id=\"ec2c735\" data-element_type=\"section\">\n\t\t\t\t\t\t<div class=\"elementor-container elementor-column-gap-default\">\n\t\t\t\t\t<div class=\"elementor-column elementor-col-100 elementor-top-column elementor-element elementor-element-7cb745b\" data-id=\"7cb745b\" data-element_type=\"column\">\n\t\t\t<div class=\"elementor-widget-wrap elementor-element-populated\">\n\t\t\t\t\t\t<div class=\"elementor-element elementor-element-8b27263 elementor-widget elementor-widget-heading\" data-id=\"8b27263\" data-element_type=\"widget\" data-widget_type=\"heading.default\">\n\t\t\t\t<div class=\"elementor-widget-container\">\n\t\t\t\t\t<h2 class=\"elementor-heading-title elementor-size-default\">Lista de Decretos<\/h2>\t\t\t\t<\/div>\n\t\t\t\t<\/div>\n\t\t\t\t<div class=\"elementor-element elementor-element-8cf0d17 elementor-widget elementor-widget-shortcode\" data-id=\"8cf0d17\" data-element_type=\"widget\" data-widget_type=\"shortcode.default\">\n\t\t\t\t<div class=\"elementor-widget-container\">\n\t\t\t\t\t\t\t<div class=\"elementor-shortcode\">\n<table id=\"tablepress-2\" class=\"tablepress tablepress-id-2\">\n<thead>\n<tr class=\"row-1\">\n\t<th class=\"column-1\">Titulo<\/th><th class=\"column-2\">Descripci\u00f3n<\/th>\n<\/tr>\n<\/thead>\n<tbody class=\"row-striping row-hover\">\n<tr class=\"row-2\">\n\t<td class=\"column-1\"><a href=\"#\">DECRETO 36 DEL 12 DE ENERO DE 2016<\/a><\/td><td class=\"column-2\">ACTO MODIFICATORIO DEL CODIGO SUSTANTIVO DEL TRABAJO<\/td>\n<\/tr>\n<tr class=\"row-3\">\n\t<td class=\"column-1\"><a href=\"#\">DECRETO 52 DEL 15 DE ENERO DE 2016<\/a><\/td><td class=\"column-2\">REELECCION POR EVAULACION<\/td>\n<\/tr>\n<tr class=\"row-4\">\n\t<td class=\"column-1\"><a href=\"#\">DECRETO 124 DEL 26 DE ENERO 2016<\/a><\/td><td class=\"column-2\">DISE\u00d1O Y PRESENTACION DEL PLAN DE ANTICORRUPCION Y ATENCION AL USUARIO<\/td>\n<\/tr>\n<tr class=\"row-5\">\n\t<td class=\"column-1\"><a href=\"#\">DECRETO 171 DEL 01 DE FEBRERO DE 2016<\/a><\/td><td class=\"column-2\">DECRETO \u00daNICO REGLAMENTARIO DEL SECTOR TRABAJO, SOBRE LA TRANSICI\u00d3N PARA LA IMPLEMENTACI\u00d3N DEL SISTEMA DE GESTI\u00d3N DE LA SEGURIDAD Y SALUD EN EL TRABAJO SG-SST<\/td>\n<\/tr>\n<tr class=\"row-6\">\n\t<td class=\"column-1\"><a href=\"#\">DECRETO 225 DEL 12 DE FEBRERO DE 2016<\/a><\/td><td class=\"column-2\">ASIGNACION SALARIAL<\/td>\n<\/tr>\n<tr class=\"row-7\">\n\t<td class=\"column-1\"><a href=\"#\">DECRETO 231 DEL 12 DE FEBRERO DE 2016<\/a><\/td><td class=\"column-2\">SE FIJA LA ESCALA DE VIATICOS<\/td>\n<\/tr>\n<tr class=\"row-8\">\n\t<td class=\"column-1\"><a href=\"#\">DECRETO 1083 DE 2015<\/a><\/td><td class=\"column-2\">DECRETO UNICO REGLAMENTARIO DE FUNCION PUBLICA<\/td>\n<\/tr>\n<tr class=\"row-9\">\n\t<td class=\"column-1\"><a href=\"#\">DECRETO 2484 DEL 2014<\/a><\/td><td class=\"column-2\">POR EL CUAL SE REGLAMENTA LA ACTUALIZACION DEL MANUAL DE FUNCIONES<\/td>\n<\/tr>\n<tr class=\"row-10\">\n\t<td class=\"column-1\"><a href=\"#\">DECRETO 1072 DEL 2015<\/a><\/td><td class=\"column-2\">DECRETO UNICO REGLAMENTARIO DEL MINISTERIO DE TRABAJO<\/td>\n<\/tr>\n<tr class=\"row-11\">\n\t<td class=\"column-1\"><a href=\"https:\/\/hosanroque.gov.co\/v2\/wp-content\/uploads\/2021\/12\/DECRETO-238-DE-2021.pdf\" rel=\"noopener\" target=\"_blank\">DECRETO NO 238 DEL 2021<\/a><\/td><td class=\"column-2\">POR MEDIO DEL CUAL SE HACE EL NOMBRAMIENTO DEL ASESOR DE CONTROL INTERNO EN LA E.S.E HOSPITAL SAN ROQUE DEL MUNICIPIO DE EL COPEY PARA EL PERIODO INSTITUCIONAL 2022 A 2025<\/td>\n<\/tr>\n<tr class=\"row-12\">\n\t<td class=\"column-1\"><a href=\"https:\/\/hosanroque.gov.co\/v2\/wp-content\/uploads\/2024\/01\/DECRETO-DE-NOMBRAMIENTO-NO-005-ENERO-2-DEL-2024.pdf\" rel=\"noopener\" target=\"_blank\">DECRETO NO 005 DEL 2024<\/a><\/td><td class=\"column-2\">POR MEDIO DEL CUAL SE REALIZA UN ENCARGADO DE FUNCIONES DE LA GERENCIA DE LA ESE HOSPITAL SAN ROQUE DE EL COPEY - CESAR<\/td>\n<\/tr>\n<tr class=\"row-13\">\n\t<td class=\"column-1\"><a href=\"https:\/\/hosanroque.gov.co\/v2\/wp-content\/uploads\/2024\/04\/DECRETO-DE-NOMBRAMIENTO-HECTOR-VARGAS-N-030.pdf\" rel=\"noopener\" target=\"_blank\">DECRETO NO 030 DEL 2024<\/a><\/td><td class=\"column-2\">POR EL CUAL SE HACE UN NOMBRAMIENTO DE GERENTE TITULAR DE PERIODO FIJO DE LA EMPRESA SOCIAL DEL ESTADO ESE HOSPITAL SAN ROQUE DEL MUNICIPIO DE EL COPEY, DEPARTEMENTO DEL CESAR<\/td>\n<\/tr>\n<tr class=\"row-14\">\n\t<td class=\"column-1\"><a href=\"https:\/\/hosanroque.gov.co\/v2\/wp-content\/uploads\/2026\/01\/DECRETO-150-de-2025.pdf\" rel=\"noopener\" target=\"_blank\">DECRETO NO 150 DEL 2025<\/a><\/td><td class=\"column-2\">POR EL CUAL SE HACE UN NOMBRAMIENTO DE JEFE DE OFICINA DE CONTROL INTERNO EN LA EMPRESA SOCIAL DEL ESTADO SAN ROQUE DEL MUNICIPIO DE EL COPEY, DEPARTAMENTO DEL CESAR<\/td>\n<\/tr>\n<\/tbody>\n<\/table>\n<!-- #tablepress-2 from cache --><\/div>\n\t\t\t\t\t\t<\/div>\n\t\t\t\t<\/div>\n\t\t\t\t\t<\/div>\n\t\t<\/div>\n\t\t\t\t\t<\/div>\n\t\t<\/section>\n\t\t\t\t<\/div>\n\t\t","protected":false},"excerpt":{"rendered":"<p>Decretos Lista de Decretos<\/p>\n","protected":false},"author":1,"featured_media":0,"parent":0,"menu_order":0,"comment_status":"closed","ping_status":"closed","template":"","meta":{"footnotes":""},"class_list":["post-388","page","type-page","status-publish","hentry"],"_links":{"self":[{"href":"https:\/\/hosanroque.gov.co\/v2\/wp-json\/wp\/v2\/pages\/388","targetHints":{"allow":["GET"]}}],"collection":[{"href":"https:\/\/hosanroque.gov.co\/v2\/wp-json\/wp\/v2\/pages"}],"about":[{"href":"https:\/\/hosanroque.gov.co\/v2\/wp-json\/wp\/v2\/types\/page"}],"author":[{"embeddable":true,"href":"https:\/\/hosanroque.gov.co\/v2\/wp-json\/wp\/v2\/users\/1"}],"replies":[{"embeddable":true,"href":"https:\/\/hosanroque.gov.co\/v2\/wp-json\/wp\/v2\/comments?post=388"}],"version-history":[{"count":7,"href":"https:\/\/hosanroque.gov.co\/v2\/wp-json\/wp\/v2\/pages\/388\/revisions"}],"predecessor-version":[{"id":631,"href":"https:\/\/hosanroque.gov.co\/v2\/wp-json\/wp\/v2\/pages\/388\/revisions\/631"}],"wp:attachment":[{"href":"https:\/\/hosanroque.gov.co\/v2\/wp-json\/wp\/v2\/media?parent=388"}],"curies":[{"name":"wp","href":"https:\/\/api.w.org\/{rel}","templated":true}]}}