{"id":458,"date":"2021-05-26T21:58:13","date_gmt":"2021-05-27T02:58:13","guid":{"rendered":"https:\/\/hosanroque.gov.co\/v2\/?page_id=458"},"modified":"2021-05-26T21:59:50","modified_gmt":"2021-05-27T02:59:50","slug":"observacion","status":"publish","type":"page","link":"https:\/\/hosanroque.gov.co\/v2\/observacion\/","title":{"rendered":"Observaci\u00f3n"},"content":{"rendered":"\t\t<div data-elementor-type=\"wp-page\" data-elementor-id=\"458\" class=\"elementor elementor-458\" data-elementor-post-type=\"page\">\n\t\t\t\t\t\t<section class=\"elementor-section elementor-top-section elementor-element elementor-element-719ed5af elementor-section-boxed elementor-section-height-default elementor-section-height-default\" data-id=\"719ed5af\" data-element_type=\"section\">\n\t\t\t\t\t\t<div class=\"elementor-container elementor-column-gap-default\">\n\t\t\t\t\t<div class=\"elementor-column elementor-col-100 elementor-top-column elementor-element elementor-element-71e1b9ca\" data-id=\"71e1b9ca\" data-element_type=\"column\">\n\t\t\t<div class=\"elementor-widget-wrap elementor-element-populated\">\n\t\t\t\t\t\t<div class=\"elementor-element elementor-element-4f728436 elementor-widget elementor-widget-heading\" data-id=\"4f728436\" data-element_type=\"widget\" data-widget_type=\"heading.default\">\n\t\t\t\t<div class=\"elementor-widget-container\">\n\t\t\t\t\t<h2 class=\"elementor-heading-title elementor-size-default\">Usuarios<\/h2>\t\t\t\t<\/div>\n\t\t\t\t<\/div>\n\t\t\t\t\t<\/div>\n\t\t<\/div>\n\t\t\t\t\t<\/div>\n\t\t<\/section>\n\t\t\t\t<section class=\"elementor-section elementor-top-section elementor-element elementor-element-6e476ab elementor-section-boxed elementor-section-height-default elementor-section-height-default\" data-id=\"6e476ab\" data-element_type=\"section\">\n\t\t\t\t\t\t<div class=\"elementor-container elementor-column-gap-default\">\n\t\t\t\t\t<div class=\"elementor-column elementor-col-100 elementor-top-column elementor-element elementor-element-11f0cf6b\" data-id=\"11f0cf6b\" data-element_type=\"column\">\n\t\t\t<div class=\"elementor-widget-wrap\">\n\t\t\t\t\t\t\t<\/div>\n\t\t<\/div>\n\t\t\t\t\t<\/div>\n\t\t<\/section>\n\t\t\t\t<section class=\"elementor-section elementor-top-section elementor-element elementor-element-37125334 elementor-section-stretched elementor-section-height-min-height elementor-section-boxed elementor-section-height-default elementor-section-items-middle\" data-id=\"37125334\" data-element_type=\"section\" data-settings=\"{&quot;stretch_section&quot;:&quot;section-stretched&quot;,&quot;background_background&quot;:&quot;classic&quot;}\">\n\t\t\t\t\t\t<div class=\"elementor-container elementor-column-gap-default\">\n\t\t\t\t\t<div class=\"elementor-column elementor-col-100 elementor-top-column elementor-element elementor-element-3d96635e\" data-id=\"3d96635e\" data-element_type=\"column\">\n\t\t\t<div class=\"elementor-widget-wrap elementor-element-populated\">\n\t\t\t\t\t\t<div class=\"elementor-element elementor-element-293c104b elementor-invisible elementor-widget elementor-widget-heading\" data-id=\"293c104b\" data-element_type=\"widget\" data-settings=\"{&quot;_animation&quot;:&quot;fadeInUp&quot;}\" data-widget_type=\"heading.default\">\n\t\t\t\t<div class=\"elementor-widget-container\">\n\t\t\t\t\t<h1 class=\"elementor-heading-title elementor-size-default\">Servicios<\/h1>\t\t\t\t<\/div>\n\t\t\t\t<\/div>\n\t\t\t\t\t<\/div>\n\t\t<\/div>\n\t\t\t\t\t<\/div>\n\t\t<\/section>\n\t\t\t\t<section class=\"elementor-section elementor-top-section elementor-element elementor-element-9469c15 elementor-section-boxed elementor-section-height-default elementor-section-height-default\" data-id=\"9469c15\" data-element_type=\"section\">\n\t\t\t\t\t\t<div class=\"elementor-container elementor-column-gap-default\">\n\t\t\t\t\t<div class=\"elementor-column elementor-col-100 elementor-top-column elementor-element elementor-element-eb53464\" data-id=\"eb53464\" data-element_type=\"column\">\n\t\t\t<div class=\"elementor-widget-wrap elementor-element-populated\">\n\t\t\t\t\t\t<div class=\"elementor-element elementor-element-523c185 elementor-widget elementor-widget-heading\" data-id=\"523c185\" data-element_type=\"widget\" data-widget_type=\"heading.default\">\n\t\t\t\t<div class=\"elementor-widget-container\">\n\t\t\t\t\t<h2 class=\"elementor-heading-title elementor-size-default\">Observaci\u00f3n<\/h2>\t\t\t\t<\/div>\n\t\t\t\t<\/div>\n\t\t\t\t<div class=\"elementor-element elementor-element-56ced9d elementor-widget elementor-widget-text-editor\" data-id=\"56ced9d\" data-element_type=\"widget\" data-widget_type=\"text-editor.default\">\n\t\t\t\t<div class=\"elementor-widget-container\">\n\t\t\t\t\t\t\t\t\t<p>Observaci\u00f3n medica para seguimiento y una mejor toma de decisiones m\u00e9dicas.<\/p>\t\t\t\t\t\t\t\t<\/div>\n\t\t\t\t<\/div>\n\t\t\t\t\t<\/div>\n\t\t<\/div>\n\t\t\t\t\t<\/div>\n\t\t<\/section>\n\t\t\t\t<section class=\"elementor-section elementor-top-section elementor-element elementor-element-6898f15e elementor-section-boxed elementor-section-height-default elementor-section-height-default\" data-id=\"6898f15e\" data-element_type=\"section\">\n\t\t\t\t\t\t<div class=\"elementor-container elementor-column-gap-default\">\n\t\t\t\t\t<div class=\"elementor-column elementor-col-50 elementor-top-column elementor-element elementor-element-9c07cf8\" data-id=\"9c07cf8\" data-element_type=\"column\">\n\t\t\t<div class=\"elementor-widget-wrap elementor-element-populated\">\n\t\t\t\t\t\t<div class=\"elementor-element elementor-element-7a93961d elementor-widget elementor-widget-text-editor\" data-id=\"7a93961d\" data-element_type=\"widget\" data-widget_type=\"text-editor.default\">\n\t\t\t\t<div class=\"elementor-widget-container\">\n\t\t\t\t\t\t\t\t\t<p>Servicio prestado a nuestros usuarios que por su condici\u00f3n cl\u00ednica requieran de observaci\u00f3n medica para seguimiento y una mejor toma de decisiones m\u00e9dicas.<br \/>Contamos con seis (6) camas para observaci\u00f3n, distribuidas en tres (3) \u00e1reas, adultos hombres, adultos mujeres y ni\u00f1os.<\/p><p>SERVICIO LAS 24 HORAS.<\/p>\t\t\t\t\t\t\t\t<\/div>\n\t\t\t\t<\/div>\n\t\t\t\t\t<\/div>\n\t\t<\/div>\n\t\t\t\t<div class=\"elementor-column elementor-col-50 elementor-top-column elementor-element elementor-element-43fc226e\" data-id=\"43fc226e\" data-element_type=\"column\">\n\t\t\t<div class=\"elementor-widget-wrap elementor-element-populated\">\n\t\t\t\t\t\t<div class=\"elementor-element elementor-element-4b7a3917 elementor-widget elementor-widget-image\" data-id=\"4b7a3917\" data-element_type=\"widget\" data-widget_type=\"image.default\">\n\t\t\t\t<div class=\"elementor-widget-container\">\n\t\t\t\t\t\t\t\t\t\t\t\t\t\t\t<img fetchpriority=\"high\" decoding=\"async\" width=\"382\" height=\"379\" src=\"https:\/\/hosanroque.gov.co\/v2\/wp-content\/uploads\/2021\/05\/atambnc.png\" class=\"attachment-large size-large wp-image-460\" alt=\"\" srcset=\"https:\/\/hosanroque.gov.co\/v2\/wp-content\/uploads\/2021\/05\/atambnc.png 382w, https:\/\/hosanroque.gov.co\/v2\/wp-content\/uploads\/2021\/05\/atambnc-300x298.png 300w, https:\/\/hosanroque.gov.co\/v2\/wp-content\/uploads\/2021\/05\/atambnc-150x150.png 150w\" sizes=\"(max-width: 382px) 100vw, 382px\" \/>\t\t\t\t\t\t\t\t\t\t\t\t\t\t\t<\/div>\n\t\t\t\t<\/div>\n\t\t\t\t\t<\/div>\n\t\t<\/div>\n\t\t\t\t\t<\/div>\n\t\t<\/section>\n\t\t\t\t<section class=\"elementor-section elementor-top-section elementor-element elementor-element-3fe0af2 elementor-section-boxed elementor-section-height-default elementor-section-height-default\" data-id=\"3fe0af2\" data-element_type=\"section\">\n\t\t\t\t\t\t<div class=\"elementor-container elementor-column-gap-default\">\n\t\t\t\t\t<div class=\"elementor-column elementor-col-100 elementor-top-column elementor-element elementor-element-76968fe\" data-id=\"76968fe\" data-element_type=\"column\">\n\t\t\t<div class=\"elementor-widget-wrap elementor-element-populated\">\n\t\t\t\t\t\t<div class=\"elementor-element elementor-element-57984e3 elementor-widget elementor-widget-spacer\" data-id=\"57984e3\" data-element_type=\"widget\" data-widget_type=\"spacer.default\">\n\t\t\t\t<div class=\"elementor-widget-container\">\n\t\t\t\t\t\t\t<div class=\"elementor-spacer\">\n\t\t\t<div class=\"elementor-spacer-inner\"><\/div>\n\t\t<\/div>\n\t\t\t\t\t\t<\/div>\n\t\t\t\t<\/div>\n\t\t\t\t\t<\/div>\n\t\t<\/div>\n\t\t\t\t\t<\/div>\n\t\t<\/section>\n\t\t\t\t<section class=\"elementor-section elementor-top-section elementor-element elementor-element-372f0cb5 elementor-section-boxed elementor-section-height-default elementor-section-height-default\" data-id=\"372f0cb5\" data-element_type=\"section\">\n\t\t\t\t\t\t<div class=\"elementor-container elementor-column-gap-default\">\n\t\t\t\t\t<div class=\"elementor-column elementor-col-33 elementor-top-column elementor-element elementor-element-13ef7d99\" data-id=\"13ef7d99\" data-element_type=\"column\">\n\t\t\t<div class=\"elementor-widget-wrap elementor-element-populated\">\n\t\t\t\t\t\t<div class=\"elementor-element elementor-element-43baac94 elementor-widget elementor-widget-image\" data-id=\"43baac94\" data-element_type=\"widget\" data-widget_type=\"image.default\">\n\t\t\t\t<div class=\"elementor-widget-container\">\n\t\t\t\t\t\t\t\t\t\t\t\t\t\t\t<img decoding=\"async\" width=\"349\" height=\"349\" src=\"https:\/\/hosanroque.gov.co\/v2\/wp-content\/uploads\/2021\/05\/hospital2.png\" class=\"attachment-large size-large wp-image-210\" alt=\"\" srcset=\"https:\/\/hosanroque.gov.co\/v2\/wp-content\/uploads\/2021\/05\/hospital2.png 349w, https:\/\/hosanroque.gov.co\/v2\/wp-content\/uploads\/2021\/05\/hospital2-300x300.png 300w, https:\/\/hosanroque.gov.co\/v2\/wp-content\/uploads\/2021\/05\/hospital2-150x150.png 150w\" sizes=\"(max-width: 349px) 100vw, 349px\" \/>\t\t\t\t\t\t\t\t\t\t\t\t\t\t\t<\/div>\n\t\t\t\t<\/div>\n\t\t\t\t\t<\/div>\n\t\t<\/div>\n\t\t\t\t<div class=\"elementor-column elementor-col-66 elementor-top-column elementor-element elementor-element-639d02b\" data-id=\"639d02b\" data-element_type=\"column\">\n\t\t\t<div class=\"elementor-widget-wrap elementor-element-populated\">\n\t\t\t\t\t\t<div class=\"elementor-element elementor-element-7163d575 elementor-widget elementor-widget-heading\" data-id=\"7163d575\" data-element_type=\"widget\" data-widget_type=\"heading.default\">\n\t\t\t\t<div class=\"elementor-widget-container\">\n\t\t\t\t\t<h2 class=\"elementor-heading-title elementor-size-default\">HOSPITAL SAN ROQUE DE EL COPEY<\/h2>\t\t\t\t<\/div>\n\t\t\t\t<\/div>\n\t\t\t\t<section class=\"elementor-section elementor-inner-section elementor-element elementor-element-7d7c96ed elementor-section-boxed elementor-section-height-default elementor-section-height-default\" data-id=\"7d7c96ed\" data-element_type=\"section\">\n\t\t\t\t\t\t<div class=\"elementor-container elementor-column-gap-default\">\n\t\t\t\t\t<div class=\"elementor-column elementor-col-100 elementor-inner-column elementor-element elementor-element-21424eaa\" data-id=\"21424eaa\" data-element_type=\"column\">\n\t\t\t<div class=\"elementor-widget-wrap elementor-element-populated\">\n\t\t\t\t\t\t<div class=\"elementor-element elementor-element-46f1c73a elementor-widget elementor-widget-text-editor\" data-id=\"46f1c73a\" data-element_type=\"widget\" data-widget_type=\"text-editor.default\">\n\t\t\t\t<div class=\"elementor-widget-container\">\n\t\t\t\t\t\t\t\t\t<p>Servicios de salud de primer nivel a los usuarios, su familia y la comunidad, priorizando en la promoci\u00f3n de la salud, prevenci\u00f3n y detecci\u00f3n de la enfermedad, con un talento humano competente y motivado.<\/p>\t\t\t\t\t\t\t\t<\/div>\n\t\t\t\t<\/div>\n\t\t\t\t\t<\/div>\n\t\t<\/div>\n\t\t\t\t\t<\/div>\n\t\t<\/section>\n\t\t\t\t\t<\/div>\n\t\t<\/div>\n\t\t\t\t\t<\/div>\n\t\t<\/section>\n\t\t\t\t<\/div>\n\t\t","protected":false},"excerpt":{"rendered":"<p>Usuarios Servicios Observaci\u00f3n Observaci\u00f3n medica para seguimiento y una mejor toma de decisiones m\u00e9dicas. Servicio prestado a nuestros usuarios que por su condici\u00f3n cl\u00ednica requieran de observaci\u00f3n medica para seguimiento y una mejor toma de decisiones m\u00e9dicas.Contamos con seis (6) camas para observaci\u00f3n, distribuidas en tres (3) \u00e1reas, adultos hombres, adultos mujeres y ni\u00f1os. SERVICIO [&hellip;]<\/p>\n","protected":false},"author":1,"featured_media":0,"parent":0,"menu_order":0,"comment_status":"closed","ping_status":"closed","template":"","meta":{"footnotes":""},"class_list":["post-458","page","type-page","status-publish","hentry"],"_links":{"self":[{"href":"https:\/\/hosanroque.gov.co\/v2\/wp-json\/wp\/v2\/pages\/458","targetHints":{"allow":["GET"]}}],"collection":[{"href":"https:\/\/hosanroque.gov.co\/v2\/wp-json\/wp\/v2\/pages"}],"about":[{"href":"https:\/\/hosanroque.gov.co\/v2\/wp-json\/wp\/v2\/types\/page"}],"author":[{"embeddable":true,"href":"https:\/\/hosanroque.gov.co\/v2\/wp-json\/wp\/v2\/users\/1"}],"replies":[{"embeddable":true,"href":"https:\/\/hosanroque.gov.co\/v2\/wp-json\/wp\/v2\/comments?post=458"}],"version-history":[{"count":4,"href":"https:\/\/hosanroque.gov.co\/v2\/wp-json\/wp\/v2\/pages\/458\/revisions"}],"predecessor-version":[{"id":463,"href":"https:\/\/hosanroque.gov.co\/v2\/wp-json\/wp\/v2\/pages\/458\/revisions\/463"}],"wp:attachment":[{"href":"https:\/\/hosanroque.gov.co\/v2\/wp-json\/wp\/v2\/media?parent=458"}],"curies":[{"name":"wp","href":"https:\/\/api.w.org\/{rel}","templated":true}]}}